{"id":189,"date":"2024-02-06T16:10:14","date_gmt":"2024-02-06T16:10:14","guid":{"rendered":"https:\/\/www.capvaxive.com\/es-us\/?page_id=189"},"modified":"2025-12-18T09:04:39","modified_gmt":"2025-12-18T09:04:39","slug":"404-2","status":"publish","type":"page","link":"https:\/\/www.capvaxive.com\/es-us\/404-2\/","title":{"rendered":"Error\u00a0404 | CAPVAXIVE\u00ae (Pneumococcal 21-valent Conjugate Vaccine)"},"content":{"rendered":"<link rel='stylesheet' id='vivid360-row-module-css-css' href='https:\/\/www.capvaxive.com\/es-us\/wp-content\/themes\/cex-wpvip-mhh-merck-vivid360-theme-1-12\/blocks\/row\/css\/style.min.css?ver=6.8.5' media='all' \/>\n\n<div style=\"border-width:0px;border-style:;border-radius:0;background-color: !important\" class=\"wp-block-vivid360-row vivid360-row hcp-wide-bg-width full-page-width\"><div class=\"cropped\" id=\"rowb5b5a92f-23ea-41bd-ab96-4f9e2dbf3e5e\"><div style=\"padding-top:0px;padding-bottom:0px;padding-right:0px;padding-left:0px\" class=\"row-content wide-width hcp-wide-width\"><link rel='stylesheet' id='vivid360-spacer-css-css' href='https:\/\/www.capvaxive.com\/es-us\/wp-content\/themes\/cex-wpvip-mhh-merck-vivid360-theme-1-12\/blocks\/spacer\/css\/style.min.css?ver=1765194012' media='all' \/>\n\n<div style=\"background-color:transparent;height:48px\" class=\"wp-block-vivid360-spacer vivid360-spacer spacer-48\"><\/div>\n\n\n<link rel='stylesheet' id='vivid360-image-css-css' href='https:\/\/www.capvaxive.com\/es-us\/wp-content\/themes\/cex-wpvip-mhh-merck-vivid360-theme-1-12\/blocks\/image\/css\/style.min.css?ver=1777274844' media='all' \/>\n\n<div class=\"wp-block-vivid360-image\"><div class=\"img-container \"><figure class=\"wp-block-vivid360-image is-style-default has-mobile-image aligncenter size-large\"><img loading=\"lazy\" decoding=\"async\" width=\"166\" height=\"166\" src=\"https:\/\/www.capvaxive.com\/es-us\/wp-content\/uploads\/sites\/334\/2024\/02\/Alert.png?w=166\" alt=\"\" class=\"wp-image-190  style-noshadow\" style=\"height:auto;width:auto\" srcset=\"https:\/\/www.capvaxive.com\/es-us\/wp-content\/uploads\/sites\/334\/2024\/02\/Alert.png 166w, https:\/\/www.capvaxive.com\/es-us\/wp-content\/uploads\/sites\/334\/2024\/02\/Alert.png?resize=150,150 150w\" sizes=\"auto, (max-width: 166px) 100vw, 166px\" \/><img loading=\"lazy\" decoding=\"async\" src=\"https:\/\/vip-msd.com\/hcc-v116-fullbranded\/wp-content\/uploads\/sites\/154\/2024\/03\/Alert-1.png\" alt=\"\" class=\"wp-image-843  style-noshadow mobile-image\" width=\"90\" height=\"90\" title=\"\" style=\"height:90px;width:90px\"\/><\/figure><\/div><\/div>\n\n\n\n<div style=\"background-color:transparent;--desktop-spacer:16px;--tablet-spacer:16px;--mobile-spacer:16px\" class=\"wp-block-vivid360-spacer vivid360-spacer-desktop vivid360-spacer-tablet vivid360-spacer-mobile\"><\/div>\n\n\n<link rel='stylesheet' id='vivid360-heading-css-css' href='https:\/\/www.capvaxive.com\/es-us\/wp-content\/themes\/cex-wpvip-mhh-merck-vivid360-theme-1-12\/blocks\/heading\/css\/style.min.css?ver=1765194012' media='all' \/>\n\n<div class=\"vivid360-heading\" id=\"ac4757567-ece8-4b96-bfc4-4a7377ab36fc\"><h1 class=\"has-color-alternate-primary-dark-color has-text-align-center content-width fontWeightRegular\" style=\"--desktopFontSize:36px;--tabletFontSize:36px;--mobileFontSize:24px;--desktopLineHeightSize:45px;--tabletLineHeightSize:45px;--mobileLineHeightSize:;--tabletAlign:center;--mobileAlign:center\" id=\"\"><strong>Error 404<\/strong><\/h1><\/div>\n\n\n\n<div style=\"background-color:transparent;height:8px\" class=\"wp-block-vivid360-spacer vivid360-spacer spacer-8\"><\/div>\n\n\n\n<div class=\"vivid360-heading\" id=\"aeba8f299-17d3-4bce-b8e8-f5f5ffa98a68\"><h2 class=\"has-dark-text-color has-text-align-center content-width fontWeightRegular\" style=\"--desktopFontSize:24px;--tabletFontSize:24px;--mobileFontSize:20px;--desktopLineHeightSize:36px;--tabletLineHeightSize:36px;--mobileLineHeightSize:;--tabletAlign:center;--mobileAlign:center\" id=\"\"><strong>Lo sentimos, no se puede encontrar la p\u00e1gina que solicit\u00f3.<\/strong><\/h2><\/div>\n\n\n\n<div style=\"background-color:transparent;height:8px\" class=\"wp-block-vivid360-spacer vivid360-spacer spacer-8\"><\/div>\n\n\n\n<p class=\"has-text-align-center\">Vuelva a consultar m\u00e1s tarde o visite la <a href=\"https:\/\/www.capvaxive.com\/es-us\/\" aria-label=\"#\">p\u00e1gina de inicio<\/a>.<\/p>\n\n\n\n<div style=\"background-color:transparent;--desktop-spacer:164px;--tablet-spacer:164px;--mobile-spacer:24px\" class=\"wp-block-vivid360-spacer vivid360-spacer-desktop vivid360-spacer-tablet vivid360-spacer-mobile\"><\/div>\n<\/div><\/div><\/div>\n","protected":false},"excerpt":{"rendered":"","protected":false},"author":287,"featured_media":0,"parent":0,"menu_order":0,"comment_status":"closed","ping_status":"closed","template":"","meta":{"_acf_changed":false,"_trash_the_other_posts":false,"editor_notices":[],"footnotes":""},"class_list":["post-189","page","type-page","status-publish"],"yoast_head":"<!-- This site is optimized with the Yoast SEO plugin v27.4 - https:\/\/yoast.com\/product\/yoast-seo-wordpress\/ -->\n<title>Error\u00a0404 | CAPVAXIVE\u00ae (Pneumococcal 21-valent Conjugate Vaccine)<\/title>\n<meta name=\"description\" content=\"\u00a1Lo sentimos! La p\u00e1gina que est\u00e1 buscando no se puede encontrar. Vuelva a consultar en una fecha posterior o visite la p\u00e1gina de inicio de CAPVAXIVE\u00ae (Pneumococcal 21-valent Conjugate Vaccine).\" \/>\n<meta name=\"robots\" content=\"noindex, nofollow\" \/>\n<meta property=\"og:locale\" content=\"en_US\" \/>\n<meta property=\"og:type\" content=\"article\" \/>\n<meta property=\"og:title\" content=\"Error\u00a0404 | CAPVAXIVE\u00ae (Pneumococcal 21-valent Conjugate Vaccine)\" \/>\n<meta property=\"og:description\" content=\"\u00a1Lo sentimos! La p\u00e1gina que est\u00e1 buscando no se puede encontrar. Vuelva a consultar en una fecha posterior o visite la p\u00e1gina de inicio de CAPVAXIVE\u00ae (Pneumococcal 21-valent Conjugate Vaccine).\" \/>\n<meta property=\"og:url\" content=\"https:\/\/www.capvaxive.com\/es-us\/404-2\/\" \/>\n<meta property=\"og:site_name\" content=\"capvaxive-es\" \/>\n<meta property=\"article:modified_time\" content=\"2025-12-18T09:04:39+00:00\" \/>\n<meta property=\"og:image\" content=\"https:\/\/www.capvaxive.com\/es-us\/wp-content\/uploads\/sites\/334\/2024\/02\/Alert.png?w=166\" \/>\n<meta name=\"twitter:card\" content=\"summary_large_image\" \/>\n<meta name=\"twitter:label1\" content=\"Est. reading time\" \/>\n\t<meta name=\"twitter:data1\" content=\"1 minute\" \/>\n<!-- \/ Yoast SEO plugin. -->","yoast_head_json":{"title":"Error\u00a0404 | CAPVAXIVE\u00ae (Pneumococcal 21-valent Conjugate Vaccine)","description":"\u00a1Lo sentimos! La p\u00e1gina que est\u00e1 buscando no se puede encontrar. Vuelva a consultar en una fecha posterior o visite la p\u00e1gina de inicio de CAPVAXIVE\u00ae (Pneumococcal 21-valent Conjugate Vaccine).","robots":{"index":"noindex","follow":"nofollow"},"og_locale":"en_US","og_type":"article","og_title":"Error\u00a0404 | CAPVAXIVE\u00ae (Pneumococcal 21-valent Conjugate Vaccine)","og_description":"\u00a1Lo sentimos! La p\u00e1gina que est\u00e1 buscando no se puede encontrar. Vuelva a consultar en una fecha posterior o visite la p\u00e1gina de inicio de CAPVAXIVE\u00ae (Pneumococcal 21-valent Conjugate Vaccine).","og_url":"https:\/\/www.capvaxive.com\/es-us\/404-2\/","og_site_name":"capvaxive-es","article_modified_time":"2025-12-18T09:04:39+00:00","og_image":[{"url":"https:\/\/www.capvaxive.com\/es-us\/wp-content\/uploads\/sites\/334\/2024\/02\/Alert.png?w=166","type":"","width":"","height":""}],"twitter_card":"summary_large_image","twitter_misc":{"Est. reading time":"1 minute"},"schema":{"@context":"https:\/\/schema.org","@graph":[{"@type":"WebPage","@id":"https:\/\/www.capvaxive.com\/es-us\/404-2\/","url":"https:\/\/www.capvaxive.com\/es-us\/404-2\/","name":"Error\u00a0404 | CAPVAXIVE\u00ae (Pneumococcal 21-valent Conjugate Vaccine)","isPartOf":{"@id":"https:\/\/www.capvaxive.com\/es-us\/#website"},"primaryImageOfPage":{"@id":"https:\/\/www.capvaxive.com\/es-us\/404-2\/#primaryimage"},"image":{"@id":"https:\/\/www.capvaxive.com\/es-us\/404-2\/#primaryimage"},"thumbnailUrl":"https:\/\/www.capvaxive.com\/es-us\/wp-content\/uploads\/sites\/334\/2024\/02\/Alert.png?w=166","datePublished":"2024-02-06T16:10:14+00:00","dateModified":"2025-12-18T09:04:39+00:00","description":"\u00a1Lo sentimos! La p\u00e1gina que est\u00e1 buscando no se puede encontrar. Vuelva a consultar en una fecha posterior o visite la p\u00e1gina de inicio de CAPVAXIVE\u00ae (Pneumococcal 21-valent Conjugate Vaccine).","breadcrumb":{"@id":"https:\/\/www.capvaxive.com\/es-us\/404-2\/#breadcrumb"},"inLanguage":"en-US","potentialAction":[{"@type":"ReadAction","target":["https:\/\/www.capvaxive.com\/es-us\/404-2\/"]}]},{"@type":"ImageObject","inLanguage":"en-US","@id":"https:\/\/www.capvaxive.com\/es-us\/404-2\/#primaryimage","url":"https:\/\/www.capvaxive.com\/es-us\/wp-content\/uploads\/sites\/334\/2024\/02\/Alert.png","contentUrl":"https:\/\/www.capvaxive.com\/es-us\/wp-content\/uploads\/sites\/334\/2024\/02\/Alert.png","width":166,"height":166},{"@type":"BreadcrumbList","@id":"https:\/\/www.capvaxive.com\/es-us\/404-2\/#breadcrumb","itemListElement":[{"@type":"ListItem","position":1,"name":"Home","item":"https:\/\/www.capvaxive.com\/es-us\/"},{"@type":"ListItem","position":2,"name":"Error\u00a0404 | CAPVAXIVE\u00ae (Pneumococcal 21-valent Conjugate Vaccine)"}]},{"@type":"WebSite","@id":"https:\/\/www.capvaxive.com\/es-us\/#website","url":"https:\/\/www.capvaxive.com\/es-us\/","name":"capvaxive-es","description":"","potentialAction":[{"@type":"SearchAction","target":{"@type":"EntryPoint","urlTemplate":"https:\/\/www.capvaxive.com\/es-us\/?s={search_term_string}"},"query-input":{"@type":"PropertyValueSpecification","valueRequired":true,"valueName":"search_term_string"}}],"inLanguage":"en-US"}]}},"acf":[],"_links":{"self":[{"href":"https:\/\/www.capvaxive.com\/es-us\/wp-json\/wp\/v2\/pages\/189","targetHints":{"allow":["GET"]}}],"collection":[{"href":"https:\/\/www.capvaxive.com\/es-us\/wp-json\/wp\/v2\/pages"}],"about":[{"href":"https:\/\/www.capvaxive.com\/es-us\/wp-json\/wp\/v2\/types\/page"}],"author":[{"embeddable":true,"href":"https:\/\/www.capvaxive.com\/es-us\/wp-json\/wp\/v2\/users\/287"}],"replies":[{"embeddable":true,"href":"https:\/\/www.capvaxive.com\/es-us\/wp-json\/wp\/v2\/comments?post=189"}],"version-history":[{"count":20,"href":"https:\/\/www.capvaxive.com\/es-us\/wp-json\/wp\/v2\/pages\/189\/revisions"}],"predecessor-version":[{"id":817,"href":"https:\/\/www.capvaxive.com\/es-us\/wp-json\/wp\/v2\/pages\/189\/revisions\/817"}],"wp:attachment":[{"href":"https:\/\/www.capvaxive.com\/es-us\/wp-json\/wp\/v2\/media?parent=189"}],"curies":[{"name":"wp","href":"https:\/\/api.w.org\/{rel}","templated":true}]}}