{"id":372,"date":"2024-09-24T14:20:08","date_gmt":"2024-09-24T14:20:08","guid":{"rendered":"https:\/\/www.capvaxive.com\/?page_id=372"},"modified":"2025-12-18T19:08:21","modified_gmt":"2025-12-18T19:08:21","slug":"preguntas-frecuentes","status":"publish","type":"page","link":"https:\/\/www.capvaxive.com\/es-us\/preguntas-frecuentes\/","title":{"rendered":"Preguntas frecuentes sobre CAPVAXIVE\u00ae (Pneumococcal 21-valent Conjugate Vaccine)"},"content":{"rendered":"<link rel='stylesheet' id='vivid360-row-module-css-css' href='https:\/\/www.capvaxive.com\/es-us\/wp-content\/themes\/cex-wpvip-mhh-merck-vivid360-theme-1-12\/blocks\/row\/css\/style.min.css?ver=6.8.5' media='all' \/>\n\n<div style=\"border-width:0px;border-style:;border-radius:0;background-color: !important\" class=\"wp-block-vivid360-row vivid360-row hcp-wide-bg-width full-page-width\"><div class=\"cropped\" id=\"rowaa0c28f4-9150-4718-bce5-d6eb48eca92b\"><div style=\"padding-top:0px;padding-bottom:0px;padding-right:0px;padding-left:0px\" class=\"row-content wide-width hcp-wide-width\"><link rel='stylesheet' id='vivid360-spacer-css-css' href='https:\/\/www.capvaxive.com\/es-us\/wp-content\/themes\/cex-wpvip-mhh-merck-vivid360-theme-1-12\/blocks\/spacer\/css\/style.min.css?ver=1765194012' media='all' \/>\n\n<div style=\"background-color:transparent;height:48px\" class=\"wp-block-vivid360-spacer vivid360-spacer spacer-48\"><\/div>\n\n\n<link rel='stylesheet' id='vivid360-heading-css-css' href='https:\/\/www.capvaxive.com\/es-us\/wp-content\/themes\/cex-wpvip-mhh-merck-vivid360-theme-1-12\/blocks\/heading\/css\/style.min.css?ver=1765194012' media='all' \/>\n\n<div class=\"vivid360-heading\" id=\"ae464202d-1c6a-47cb-9e9b-8bc12c86086f\"><h1 class=\"has-primary-color content-width fontWeightBold\" style=\"--desktopFontSize:36px;--tabletFontSize:36px;--mobileFontSize:24px;--desktopLineHeightSize:45px;--tabletLineHeightSize:45px;--mobileLineHeightSize:\" id=\"\"><strong>Preguntas frecuentes sobre CAPVAXIVE<\/strong><\/h1><\/div>\n\n\n\n<div style=\"background-color:transparent;height:8px\" class=\"wp-block-vivid360-spacer vivid360-spacer spacer-8\"><\/div>\n\n\n<link rel='stylesheet' id='vivid360-accordion-css-css' href='https:\/\/www.capvaxive.com\/es-us\/wp-content\/themes\/cex-wpvip-mhh-merck-vivid360-theme-1-12\/blocks\/accordion\/css\/style.min.css?ver=1776685438' media='all' \/>\n\n<div style=\"border-width:1px 0;border-style:solid\" class=\"wp-block-vivid360-accordion has-secondary-3-border-color full-page-width\"><details class=\"vivid360-block-accordion-details\"><div class=\"summaryCustomColor\" id=\"summaryOpenBgClass\">has-white-background-color<\/div><div class=\"summaryCustomColor\" id=\"summaryCloseBgClass\">has-white-background-color<\/div><div class=\"summaryCustomColor\" id=\"openCloseAccordionTitle\">false<\/div><div class=\"summaryCustomColor\" id=\"summaryOpenHoverColorClass\">has-white-background-color<\/div><div class=\"summaryCustomColor\" id=\"summaryOpenFocusColorClass\">has-white-background-color<\/div><div class=\"summaryCustomColor\" id=\"summaryCloseFocusColorClass\">has-white-background-color<\/div><div class=\"summaryCustomColor\" id=\"summaryCloseHoverColorClass\">has-white-background-color<\/div><summary class=\"vivid360-block-accordion-title-section has-dark-text-caret-color \n\t\t\t\thas-white-background-color\" data-design-category=\"accordion\"><h4 class=\"vivid360-block-accordion-title has-primary-headline-color\"><strong>\u00bfPuede CAPVAXIVE causarme enfermedad neumoc\u00f3cica?<\/strong><\/h4><\/summary><div class=\"vivid360-block-accordion-text has-white-background-color\"><span style=\"font-size:18px !important\" class=\"vivid360-block-accordion-desc has-regular-font-size\">No, CAPVAXIVE no puede causar enfermedad neumoc\u00f3cica porque NO contiene bacterias vivas.<\/span><\/div><\/details><\/div>\n\n\n\n<div style=\"border-width:1px 0;border-style:solid\" class=\"wp-block-vivid360-accordion has-secondary-3-border-color full-page-width\"><details class=\"vivid360-block-accordion-details\"><div class=\"summaryCustomColor\" id=\"summaryOpenBgClass\">has-white-background-color<\/div><div class=\"summaryCustomColor\" id=\"summaryCloseBgClass\">has-white-background-color<\/div><div class=\"summaryCustomColor\" id=\"openCloseAccordionTitle\">false<\/div><div class=\"summaryCustomColor\" id=\"summaryOpenHoverColorClass\">has-white-background-color<\/div><div class=\"summaryCustomColor\" id=\"summaryOpenFocusColorClass\">has-white-background-color<\/div><div class=\"summaryCustomColor\" id=\"summaryCloseFocusColorClass\">has-white-background-color<\/div><div class=\"summaryCustomColor\" id=\"summaryCloseHoverColorClass\">has-white-background-color<\/div><summary class=\"vivid360-block-accordion-title-section has-dark-text-caret-color \n\t\t\t\thas-white-background-color\" data-design-category=\"accordion\"><h4 class=\"vivid360-block-accordion-title has-primary-headline-color\"><strong>\u00bfTengo que recibir CAPVAXIVE todos los a\u00f1os?<\/strong><\/h4><\/summary><div class=\"vivid360-block-accordion-text has-white-background-color\"><span style=\"font-size:18px !important\" class=\"vivid360-block-accordion-desc has-regular-font-size\">CAPVAXIVE es una vacuna de dosis \u00fanica, lo que significa que solo requiere una inyecci\u00f3n.<\/span><\/div><\/details><\/div>\n\n\n\n<div style=\"border-width:1px 0;border-style:solid\" class=\"wp-block-vivid360-accordion has-secondary-3-border-color full-page-width\"><details class=\"vivid360-block-accordion-details\"><div class=\"summaryCustomColor\" id=\"summaryOpenBgClass\">has-white-background-color<\/div><div class=\"summaryCustomColor\" id=\"summaryCloseBgClass\">has-white-background-color<\/div><div class=\"summaryCustomColor\" id=\"openCloseAccordionTitle\">false<\/div><div class=\"summaryCustomColor\" id=\"summaryOpenHoverColorClass\">has-white-background-color<\/div><div class=\"summaryCustomColor\" id=\"summaryOpenFocusColorClass\">has-white-background-color<\/div><div class=\"summaryCustomColor\" id=\"summaryCloseFocusColorClass\">has-white-background-color<\/div><div class=\"summaryCustomColor\" id=\"summaryCloseHoverColorClass\">has-white-background-color<\/div><summary class=\"vivid360-block-accordion-title-section has-dark-text-caret-color \n\t\t\t\thas-white-background-color\" data-design-category=\"accordion\"><h4 class=\"vivid360-block-accordion-title has-primary-headline-color\"><strong>\u00bfPuedo recibir CAPVAXIVE en simult\u00e1neo con otras vacunas?<\/strong><\/h4><\/summary><div class=\"vivid360-block-accordion-text has-white-background-color\"><span style=\"font-size:18px !important\" class=\"vivid360-block-accordion-desc has-regular-font-size\">CAPVAXIVE y la vacuna contra la gripe se pueden recibir durante la misma visita a su m\u00e9dico o farmacia.<\/span><\/div><\/details><\/div>\n\n\n\n<div style=\"border-width:1px 0;border-style:solid\" class=\"wp-block-vivid360-accordion has-secondary-3-border-color full-page-width\"><details class=\"vivid360-block-accordion-details\"><div class=\"summaryCustomColor\" id=\"summaryOpenBgClass\">has-white-background-color<\/div><div class=\"summaryCustomColor\" id=\"summaryCloseBgClass\">has-white-background-color<\/div><div class=\"summaryCustomColor\" id=\"openCloseAccordionTitle\">false<\/div><div class=\"summaryCustomColor\" id=\"summaryOpenHoverColorClass\">has-white-background-color<\/div><div class=\"summaryCustomColor\" id=\"summaryOpenFocusColorClass\">has-white-background-color<\/div><div class=\"summaryCustomColor\" id=\"summaryCloseFocusColorClass\">has-white-background-color<\/div><div class=\"summaryCustomColor\" id=\"summaryCloseHoverColorClass\">has-white-background-color<\/div><summary class=\"vivid360-block-accordion-title-section has-dark-text-caret-color \n\t\t\t\thas-white-background-color\" data-design-category=\"accordion\"><h4 class=\"vivid360-block-accordion-title has-primary-headline-color\"><strong>\u00bfQui\u00e9nes no deben recibir CAPVAXIVE?<\/strong><\/h4><\/summary><div class=\"vivid360-block-accordion-text has-white-background-color\"><span style=\"font-size:18px !important\" class=\"vivid360-block-accordion-desc has-regular-font-size\">Las personas al\u00e9rgicas a cualquiera de los componentes de CAPVAXIVE, incluido el toxoide dift\u00e9rico, NO deben recibir CAPVAXIVE. Si no est\u00e1 seguro, consulte a su m\u00e9dico o farmac\u00e9utico.<\/span><\/div><\/details><\/div>\n\n\n\n<div style=\"border-width:1px 0;border-style:solid\" class=\"wp-block-vivid360-accordion has-secondary-3-border-color full-page-width\"><details class=\"vivid360-block-accordion-details\"><div class=\"summaryCustomColor\" id=\"summaryOpenBgClass\">has-white-background-color<\/div><div class=\"summaryCustomColor\" id=\"summaryCloseBgClass\">has-white-background-color<\/div><div class=\"summaryCustomColor\" id=\"openCloseAccordionTitle\">false<\/div><div class=\"summaryCustomColor\" id=\"summaryOpenHoverColorClass\">has-white-background-color<\/div><div class=\"summaryCustomColor\" id=\"summaryOpenFocusColorClass\">has-white-background-color<\/div><div class=\"summaryCustomColor\" id=\"summaryCloseFocusColorClass\">has-white-background-color<\/div><div class=\"summaryCustomColor\" id=\"summaryCloseHoverColorClass\">has-white-background-color<\/div><summary class=\"vivid360-block-accordion-title-section has-dark-text-caret-color \n\t\t\t\thas-white-background-color\" data-design-category=\"accordion\"><h4 class=\"vivid360-block-accordion-title has-primary-headline-color\"><strong>\u00bfCu\u00e1les son los efectos secundarios m\u00e1s frecuentes de CAPVAXIVE?<\/strong><\/h4><\/summary><div class=\"vivid360-block-accordion-text has-white-background-color\"><span style=\"font-size:18px !important\" class=\"vivid360-block-accordion-desc has-regular-font-size\">Los efectos secundarios m\u00e1s comunes de CAPVAXIVE incluyen dolor, enrojecimiento o hinchaz\u00f3n en el lugar donde recibi\u00f3 la inyecci\u00f3n, sensaci\u00f3n de cansancio, dolor de cabeza, dolores musculares y fiebre. Estos efectos secundarios suelen durar menos de 3&nbsp;d\u00edas.<\/span><\/div><\/details><\/div>\n\n\n\n<div style=\"border-width:1px 0;border-style:solid\" class=\"wp-block-vivid360-accordion has-secondary-3-border-color full-page-width\"><details class=\"vivid360-block-accordion-details\"><div class=\"summaryCustomColor\" id=\"summaryOpenBgClass\">has-white-background-color<\/div><div class=\"summaryCustomColor\" id=\"summaryCloseBgClass\">has-white-background-color<\/div><div class=\"summaryCustomColor\" id=\"openCloseAccordionTitle\">false<\/div><div class=\"summaryCustomColor\" id=\"summaryOpenHoverColorClass\">has-white-background-color<\/div><div class=\"summaryCustomColor\" id=\"summaryOpenFocusColorClass\">has-white-background-color<\/div><div class=\"summaryCustomColor\" id=\"summaryCloseFocusColorClass\">has-white-background-color<\/div><div class=\"summaryCustomColor\" id=\"summaryCloseHoverColorClass\">has-white-background-color<\/div><summary class=\"vivid360-block-accordion-title-section has-dark-text-caret-color \n\t\t\t\thas-white-background-color\" data-design-category=\"accordion\"><h4 class=\"vivid360-block-accordion-title has-primary-headline-color\"><strong>\u00bfC\u00f3mo se administra CAPVAXIVE?<\/strong><\/h4><\/summary><div class=\"vivid360-block-accordion-text has-white-background-color\"><span style=\"font-size:18px !important\" class=\"vivid360-block-accordion-desc has-regular-font-size\">Se le aplicar\u00e1 una inyecci\u00f3n intramuscular (generalmente en la parte superior del brazo).<\/span><\/div><\/details><\/div>\n\n\n\n<div style=\"border-width:1px 0;border-style:solid\" class=\"wp-block-vivid360-accordion has-secondary-3-border-color full-page-width\"><details class=\"vivid360-block-accordion-details\"><div class=\"summaryCustomColor\" id=\"summaryOpenBgClass\">has-white-background-color<\/div><div class=\"summaryCustomColor\" id=\"summaryCloseBgClass\">has-white-background-color<\/div><div class=\"summaryCustomColor\" id=\"openCloseAccordionTitle\">false<\/div><div class=\"summaryCustomColor\" id=\"summaryOpenHoverColorClass\">has-white-background-color<\/div><div class=\"summaryCustomColor\" id=\"summaryOpenFocusColorClass\">has-white-background-color<\/div><div class=\"summaryCustomColor\" id=\"summaryCloseFocusColorClass\">has-white-background-color<\/div><div class=\"summaryCustomColor\" id=\"summaryCloseHoverColorClass\">has-white-background-color<\/div><summary class=\"vivid360-block-accordion-title-section has-dark-text-caret-color \n\t\t\t\thas-white-background-color\" data-design-category=\"accordion\"><h4 class=\"vivid360-block-accordion-title has-primary-headline-color\"><strong>Estoy embarazada o planeo quedar embarazada. \u00bfPuedo recibir CAPVAXIVE?<\/strong><\/h4><\/summary><div class=\"vivid360-block-accordion-text has-white-background-color\"><span style=\"font-size:18px !important\" class=\"vivid360-block-accordion-desc has-regular-font-size\">Si est\u00e1 embarazada o planea quedar embarazada, consulte con su m\u00e9dico o farmac\u00e9utico.<\/span><\/div><\/details><\/div>\n\n\n\n<div style=\"border-width:1px 0;border-style:solid\" class=\"wp-block-vivid360-accordion has-secondary-3-border-color full-page-width\"><details class=\"vivid360-block-accordion-details\"><div class=\"summaryCustomColor\" id=\"summaryOpenBgClass\">has-white-background-color<\/div><div class=\"summaryCustomColor\" id=\"summaryCloseBgClass\">has-white-background-color<\/div><div class=\"summaryCustomColor\" id=\"openCloseAccordionTitle\">false<\/div><div class=\"summaryCustomColor\" id=\"summaryOpenHoverColorClass\">has-white-background-color<\/div><div class=\"summaryCustomColor\" id=\"summaryOpenFocusColorClass\">has-white-background-color<\/div><div class=\"summaryCustomColor\" id=\"summaryCloseFocusColorClass\">has-white-background-color<\/div><div class=\"summaryCustomColor\" id=\"summaryCloseHoverColorClass\">has-white-background-color<\/div><summary class=\"vivid360-block-accordion-title-section has-dark-text-caret-color \n\t\t\t\thas-white-background-color\" data-design-category=\"accordion\"><h4 class=\"vivid360-block-accordion-title has-primary-headline-color\"><strong>Actualmente estoy amamantando o planeo amamantar. \u00bfPuedo recibir CAPVAXIVE?<\/strong><\/h4><\/summary><div class=\"vivid360-block-accordion-text has-white-background-color\"><span style=\"font-size:18px !important\" class=\"vivid360-block-accordion-desc has-regular-font-size\">Si est\u00e1 amamantando o planea amamantar, consulte con su m\u00e9dico o farmac\u00e9utico.<\/span><\/div><\/details><\/div>\n\n\n\n<div style=\"background-color:transparent;height:32px\" class=\"wp-block-vivid360-spacer vivid360-spacer spacer-32\"><\/div>\n\n\n\n<p class=\"has-dark-text-color has-text-color has-medium-font-size\">La presente informaci\u00f3n no reemplaza el hecho de que hable acerca de CAPVAXIVE con su m\u00e9dico o farmac\u00e9utico. Ellos decidir\u00e1n si CAPVAXIVE es adecuada para usted.<\/p>\n\n\n\n<div style=\"background-color:transparent;height:48px\" class=\"wp-block-vivid360-spacer vivid360-spacer spacer-48\"><\/div>\n<\/div><\/div><\/div>\n\n\n\n<div style=\"border-width:0px;border-style:;border-radius:0;background-color: !important\" class=\"wp-block-vivid360-row vivid360-row hcp-wide-bg-width has-medium-gray-background-color full-page-width\"><div class=\"cropped\" id=\"row64f2b5f0-2b83-4d24-82bb-2fa79c86e5c5\"><div style=\"padding-top:0px;padding-bottom:0px;padding-right:0px;padding-left:0px\" class=\"row-content wide-width hcp-wide-width\">\n<div style=\"background-color:transparent;height:56px\" class=\"wp-block-vivid360-spacer vivid360-spacer spacer-56\"><\/div>\n\n\n\n<div class=\"wp-block-columns are-vertically-aligned-center is-layout-flex wp-container-core-columns-is-layout-9d6595d7 wp-block-columns-is-layout-flex\">\n<div class=\"wp-block-column is-vertically-aligned-center is-layout-flow wp-block-column-is-layout-flow\"><link rel='stylesheet' id='vivid360-card-css-css' href='https:\/\/www.capvaxive.com\/es-us\/wp-content\/themes\/cex-wpvip-mhh-merck-vivid360-theme-1-12\/blocks\/card\/css\/style.min.css?ver=1777274844' media='all' \/>\n\n<div id=\"\" class=\"wp-block-vivid360-card a4054ec72-8f34-405b-b40c-7f4ec2fbbaf0 vivid360-block-card has-text-align-center card-horizontal has-primary-color has-color-alternate-primary-light-border-color has-color-alternate-primary-light-background-color full-page-width\" style=\"border-width:10px;border-style:;border-radius:30px\"><div class=\"card-content\"><div class=\"card-content-wrap\"><h2 class=\"card-header fontWeightRegular\"><strong><strong>Acerca de CAPVAXIVE<\/strong><\/strong><\/h2><p class=\"card-link entire-card left\"><a class=\"\" href=\"https:\/\/www.capvaxive.com\/es-us\/que-es-capvaxive\/\" role=\"button\" aria-label=\"Acerca de CAPVAXIVE\" style=\"border-radius:4px\" title=\"Acerca de CAPVAXIVE\" target=\"_self\" rel=\"noopener\" data-design-category=\"link\" data-design-label=\"Acerca de CAPVAXIVE\" data-design-module=\"element\">Acerca de CAPVAXIVE<\/a><\/p><\/div><div class=\"\"><div class=\"card-icon-right\"><i role=\"link\" aria-label=\"\" aria-hidden=\"true\" class=\"icon-angle-single-right\"><\/i><\/div><\/div><\/div><\/div>\n<\/div>\n\n\n\n<div class=\"wp-block-column is-vertically-aligned-center is-layout-flow wp-block-column-is-layout-flow\">\n<div id=\"\" class=\"wp-block-vivid360-card a6e3bb7b1-b618-4bd5-9b82-c8678a310f16 vivid360-block-card has-text-align-center card-horizontal has-primary-color has-color-alternate-primary-border-color has-color-alternate-primary-background-color full-page-width\" style=\"border-width:10px;border-style:;border-radius:30px\"><div class=\"card-content\"><div class=\"card-content-wrap\"><h2 class=\"card-header fontWeightRegular\"><strong>Obtenga CAPVAXIVE<\/strong><\/h2><p class=\"card-link entire-card left\"><a class=\"\" href=\"https:\/\/www.capvaxive.com\/es-us\/como-obtener-capvaxive\/\" role=\"button\" aria-label=\"Obtenga CAPVAXIVE\" style=\"border-radius:4px\" title=\"Obtenga CAPVAXIVE\" target=\"_self\" rel=\"noopener\" data-design-category=\"link\" data-design-label=\"Obtenga CAPVAXIVE\" data-design-module=\"element\">Obtenga CAPVAXIVE<\/a><\/p><\/div><div class=\"\"><div class=\"card-icon-right\"><i role=\"link\" aria-label=\"\" aria-hidden=\"true\" class=\"icon-angle-single-right\"><\/i><\/div><\/div><\/div><\/div>\n<\/div>\n<\/div>\n\n\n\n<div style=\"background-color:transparent;height:56px\" class=\"wp-block-vivid360-spacer vivid360-spacer spacer-56\"><\/div>\n<\/div><\/div><\/div>\n","protected":false},"excerpt":{"rendered":"","protected":false},"author":708,"featured_media":0,"parent":0,"menu_order":0,"comment_status":"closed","ping_status":"closed","template":"","meta":{"_acf_changed":false,"_trash_the_other_posts":false,"editor_notices":[],"footnotes":""},"class_list":["post-372","page","type-page","status-publish"],"yoast_head":"<!-- This site is optimized with the Yoast SEO plugin v27.4 - https:\/\/yoast.com\/product\/yoast-seo-wordpress\/ -->\n<title>Preguntas frecuentes sobre CAPVAXIVE\u00ae (Pneumococcal 21-valent Conjugate Vaccine)<\/title>\n<meta name=\"description\" content=\"Encuentre preguntas frecuentes sobre CAPVAXIVE\u00ae (Pneumococcal 21-valent Conjugate Vaccine), incluida la informaci\u00f3n sobre los posibles efectos secundarios.\" \/>\n<meta name=\"robots\" content=\"index, follow, max-snippet:-1, max-image-preview:large, max-video-preview:-1\" \/>\n<link rel=\"canonical\" href=\"https:\/\/www.capvaxive.com\/es-us\/preguntas-frecuentes\/\" \/>\n<meta property=\"og:locale\" content=\"en_US\" \/>\n<meta property=\"og:type\" content=\"article\" \/>\n<meta property=\"og:title\" content=\"Preguntas frecuentes sobre CAPVAXIVE\u00ae (Pneumococcal 21-valent Conjugate Vaccine)\" \/>\n<meta property=\"og:description\" content=\"Encuentre preguntas frecuentes sobre CAPVAXIVE\u00ae (Pneumococcal 21-valent Conjugate Vaccine), incluida la informaci\u00f3n sobre los posibles efectos secundarios.\" \/>\n<meta property=\"og:url\" content=\"https:\/\/www.capvaxive.com\/es-us\/preguntas-frecuentes\/\" \/>\n<meta property=\"og:site_name\" content=\"capvaxive-es\" \/>\n<meta property=\"article:modified_time\" content=\"2025-12-18T19:08:21+00:00\" \/>\n<meta name=\"twitter:card\" content=\"summary_large_image\" \/>\n<meta name=\"twitter:label1\" content=\"Est. reading time\" \/>\n\t<meta name=\"twitter:data1\" content=\"2 minutes\" \/>\n<!-- \/ Yoast SEO plugin. -->","yoast_head_json":{"title":"Preguntas frecuentes sobre CAPVAXIVE\u00ae (Pneumococcal 21-valent Conjugate Vaccine)","description":"Encuentre preguntas frecuentes sobre CAPVAXIVE\u00ae (Pneumococcal 21-valent Conjugate Vaccine), incluida la informaci\u00f3n sobre los posibles efectos secundarios.","robots":{"index":"index","follow":"follow","max-snippet":"max-snippet:-1","max-image-preview":"max-image-preview:large","max-video-preview":"max-video-preview:-1"},"canonical":"https:\/\/www.capvaxive.com\/es-us\/preguntas-frecuentes\/","og_locale":"en_US","og_type":"article","og_title":"Preguntas frecuentes sobre CAPVAXIVE\u00ae (Pneumococcal 21-valent Conjugate Vaccine)","og_description":"Encuentre preguntas frecuentes sobre CAPVAXIVE\u00ae (Pneumococcal 21-valent Conjugate Vaccine), incluida la informaci\u00f3n sobre los posibles efectos secundarios.","og_url":"https:\/\/www.capvaxive.com\/es-us\/preguntas-frecuentes\/","og_site_name":"capvaxive-es","article_modified_time":"2025-12-18T19:08:21+00:00","twitter_card":"summary_large_image","twitter_misc":{"Est. reading time":"2 minutes"},"schema":{"@context":"https:\/\/schema.org","@graph":[{"@type":"WebPage","@id":"https:\/\/www.capvaxive.com\/es-us\/preguntas-frecuentes\/","url":"https:\/\/www.capvaxive.com\/es-us\/preguntas-frecuentes\/","name":"Preguntas frecuentes sobre CAPVAXIVE\u00ae (Pneumococcal 21-valent Conjugate Vaccine)","isPartOf":{"@id":"https:\/\/www.capvaxive.com\/es-us\/#website"},"datePublished":"2024-09-24T14:20:08+00:00","dateModified":"2025-12-18T19:08:21+00:00","description":"Encuentre preguntas frecuentes sobre CAPVAXIVE\u00ae (Pneumococcal 21-valent Conjugate Vaccine), incluida la informaci\u00f3n sobre los posibles efectos secundarios.","breadcrumb":{"@id":"https:\/\/www.capvaxive.com\/es-us\/preguntas-frecuentes\/#breadcrumb"},"inLanguage":"en-US","potentialAction":[{"@type":"ReadAction","target":["https:\/\/www.capvaxive.com\/es-us\/preguntas-frecuentes\/"]}]},{"@type":"BreadcrumbList","@id":"https:\/\/www.capvaxive.com\/es-us\/preguntas-frecuentes\/#breadcrumb","itemListElement":[{"@type":"ListItem","position":1,"name":"Home","item":"https:\/\/www.capvaxive.com\/es-us\/"},{"@type":"ListItem","position":2,"name":"Preguntas frecuentes sobre CAPVAXIVE\u00ae (Pneumococcal 21-valent Conjugate Vaccine)"}]},{"@type":"WebSite","@id":"https:\/\/www.capvaxive.com\/es-us\/#website","url":"https:\/\/www.capvaxive.com\/es-us\/","name":"capvaxive-es","description":"","potentialAction":[{"@type":"SearchAction","target":{"@type":"EntryPoint","urlTemplate":"https:\/\/www.capvaxive.com\/es-us\/?s={search_term_string}"},"query-input":{"@type":"PropertyValueSpecification","valueRequired":true,"valueName":"search_term_string"}}],"inLanguage":"en-US"}]}},"acf":[],"_links":{"self":[{"href":"https:\/\/www.capvaxive.com\/es-us\/wp-json\/wp\/v2\/pages\/372","targetHints":{"allow":["GET"]}}],"collection":[{"href":"https:\/\/www.capvaxive.com\/es-us\/wp-json\/wp\/v2\/pages"}],"about":[{"href":"https:\/\/www.capvaxive.com\/es-us\/wp-json\/wp\/v2\/types\/page"}],"author":[{"embeddable":true,"href":"https:\/\/www.capvaxive.com\/es-us\/wp-json\/wp\/v2\/users\/708"}],"replies":[{"embeddable":true,"href":"https:\/\/www.capvaxive.com\/es-us\/wp-json\/wp\/v2\/comments?post=372"}],"version-history":[{"count":18,"href":"https:\/\/www.capvaxive.com\/es-us\/wp-json\/wp\/v2\/pages\/372\/revisions"}],"predecessor-version":[{"id":819,"href":"https:\/\/www.capvaxive.com\/es-us\/wp-json\/wp\/v2\/pages\/372\/revisions\/819"}],"wp:attachment":[{"href":"https:\/\/www.capvaxive.com\/es-us\/wp-json\/wp\/v2\/media?parent=372"}],"curies":[{"name":"wp","href":"https:\/\/api.w.org\/{rel}","templated":true}]}}