{"id":516,"date":"2024-12-16T10:53:01","date_gmt":"2024-12-16T10:53:01","guid":{"rendered":"https:\/\/www.capvaxive.com\/?page_id=516"},"modified":"2025-12-18T08:55:14","modified_gmt":"2025-12-18T08:55:14","slug":"costo","status":"publish","type":"page","link":"https:\/\/www.capvaxive.com\/es-us\/costo\/","title":{"rendered":"Costo de CAPVAXIVE\u00ae (Pneumococcal 21-valent Conjugate Vaccine)"},"content":{"rendered":"<link rel='stylesheet' id='vivid360-row-module-css-css' href='https:\/\/www.capvaxive.com\/es-us\/wp-content\/themes\/cex-wpvip-mhh-merck-vivid360-theme-1-12\/blocks\/row\/css\/style.min.css?ver=6.8.5' media='all' \/>\n\n<div style=\"border-width:0px;border-style:;border-radius:0;background-color: !important\" class=\"wp-block-vivid360-row vivid360-row hcp-wide-bg-width full-page-width\"><div class=\"cropped\" id=\"row0460f401-28fb-4ceb-b609-8674b8fc159b\"><div style=\"padding-top:0px;padding-bottom:0px;padding-right:0px;padding-left:0px\" class=\"row-content wide-width hcp-wide-width\"><link rel='stylesheet' id='vivid360-spacer-css-css' href='https:\/\/www.capvaxive.com\/es-us\/wp-content\/themes\/cex-wpvip-mhh-merck-vivid360-theme-1-12\/blocks\/spacer\/css\/style.min.css?ver=1765194012' media='all' \/>\n\n<div style=\"background-color:transparent;height:48px\" class=\"wp-block-vivid360-spacer vivid360-spacer spacer-48\"><\/div>\n\n\n<link rel='stylesheet' id='vivid360-heading-css-css' href='https:\/\/www.capvaxive.com\/es-us\/wp-content\/themes\/cex-wpvip-mhh-merck-vivid360-theme-1-12\/blocks\/heading\/css\/style.min.css?ver=1765194012' media='all' \/>\n\n<div class=\"vivid360-heading\" id=\"ae5113937-39c4-435c-950f-0ccb5a612daf\"><h1 class=\"has-primary-color content-width fontWeightBold\" style=\"--desktopFontSize:24px;--tabletFontSize:20px;--mobileFontSize:20px;--desktopLineHeightSize:36px;--tabletLineHeightSize:30px;--mobileLineHeightSize:\" id=\"\">Informaci\u00f3n de costos de CAPVAXIVE<\/h1><\/div>\n\n\n\n<p class=\"has-dark-text-color has-text-color has-link-color has-medium-font-size wp-elements-f594542a4e19e36250ec0217e7728921\"><strong>Calcular cu\u00e1nto pagar\u00e1 por una vacuna puede ser confuso. Lo que pague depender\u00e1 de muchos factores, incluida su situaci\u00f3n de seguro y si existen opciones de asistencia financiera disponibles para usted. En Merck, creemos que usted deber\u00eda comprender mejor lo que puede esperar pagar en gastos de bolsillo por su vacuna.<\/strong><\/p>\n\n\n\n<div style=\"background-color:transparent;--desktop-spacer:24px;--tablet-spacer:24px;--mobile-spacer:24px\" class=\"wp-block-vivid360-spacer vivid360-spacer-desktop vivid360-spacer-tablet vivid360-spacer-mobile\"><\/div>\n\n\n\n<p class=\"has-regular-font-size\">El precio de lista para cada dosis indicada de CAPVAXIVE es $301.35. La mayor\u00eda de las personas no pagar\u00e1n el precio de lista, aunque puede tener un impacto en sus gastos personales. La cantidad que pague depender\u00e1 de muchos factores, incluida su situaci\u00f3n de seguro. Si tiene seguro, hable con su proveedor de seguros, quien conoce los detalles de su plan, o comun\u00edquese con el consultorio de su proveedor de atenci\u00f3n de la salud para obtener ayuda. El precio de lista no incluye otros costos relacionados con el tratamiento, como las tarifas de administraci\u00f3n de vacunas. El precio de lista se actualiz\u00f3 en agosto 2025.<\/p>\n\n\n\n<div style=\"background-color:transparent;--desktop-spacer:24px;--tablet-spacer:24px;--mobile-spacer:24px\" class=\"wp-block-vivid360-spacer vivid360-spacer-desktop vivid360-spacer-tablet vivid360-spacer-mobile\"><\/div>\n\n\n\n<p class=\"has-dark-text-color has-text-color has-link-color has-regular-font-size wp-elements-ac527674aee18be4b26bed3bf105fb52\">CAPVAXIVE es una vacuna que se administra en el m\u00fasculo (por lo general, en la parte superior del brazo). CAPVAXIVE se administra en una sola inyecci\u00f3n.<\/p>\n\n\n\n<div style=\"background-color:transparent;height:32px\" class=\"wp-block-vivid360-spacer vivid360-spacer spacer-32\"><\/div>\n<\/div><\/div><\/div>\n\n\n\n<div style=\"border-width:0px;border-style:;border-radius:0;background-color: !important\" class=\"wp-block-vivid360-row vivid360-row hcp-wide-bg-width has-medium-gray-background-color full-page-width\"><div class=\"cropped\" id=\"row53fb44f5-3810-45f2-a2c9-d0546a1bd7b8\"><div style=\"padding-top:0px;padding-bottom:0px;padding-right:0px;padding-left:0px\" class=\"row-content wide-width hcp-wide-width\">\n<div style=\"background-color:transparent;height:56px\" class=\"wp-block-vivid360-spacer vivid360-spacer spacer-56\"><\/div>\n\n\n\n<div class=\"wp-block-columns is-layout-flex wp-container-core-columns-is-layout-9d6595d7 wp-block-columns-is-layout-flex\">\n<div class=\"wp-block-column is-layout-flow wp-block-column-is-layout-flow\"><link rel='stylesheet' id='vivid360-card-css-css' href='https:\/\/www.capvaxive.com\/es-us\/wp-content\/themes\/cex-wpvip-mhh-merck-vivid360-theme-1-12\/blocks\/card\/css\/style.min.css?ver=1777274844' media='all' \/>\n\n<div id=\"\" class=\"wp-block-vivid360-card a8b04bb2a-c22b-489f-8ba9-05c62d9cb5ec vivid360-block-card has-text-align-center card-horizontal has-primary-color has-color-alternate-primary-light-border-color has-color-alternate-primary-light-background-color full-page-width\" style=\"border-width:10px;border-style:;border-radius:30px\"><div class=\"card-content\"><div class=\"card-content-wrap\"><h2 class=\"card-header fontWeightRegular\"><strong><strong>Acerca de CAPVAXIVE<\/strong><\/strong><\/h2><p class=\"card-link entire-card left\"><a class=\"\" href=\"https:\/\/www.capvaxive.com\/es-us\/que-es-capvaxive\/\" role=\"button\" style=\"border-radius:4px\" title=\"Acerca de CAPVAXIVE\" target=\"_self\" rel=\"noopener\" data-design-category=\"link\" data-design-label=\"Acerca de CAPVAXIVE\" data-design-module=\"element\">Acerca de CAPVAXIVE<\/a><\/p><\/div><div class=\"\"><div class=\"card-icon-right\"><i role=\"link\" aria-label=\"\" aria-hidden=\"true\" class=\"icon-angle-single-right\"><\/i><\/div><\/div><\/div><\/div>\n<\/div>\n\n\n\n<div class=\"wp-block-column is-layout-flow wp-block-column-is-layout-flow\">\n<div id=\"\" class=\"wp-block-vivid360-card a94f8d7c5-6fe8-401d-8d02-2f8ab245e096 vivid360-block-card has-text-align-center card-horizontal has-primary-color has-color-alternate-primary-border-color has-color-alternate-primary-background-color full-page-width\" style=\"border-width:10px;border-style:;border-radius:30px\"><div class=\"card-content\"><div class=\"card-content-wrap\"><h2 class=\"card-header fontWeightRegular\"><strong>Obtenga CAPVAXIVE<\/strong><\/h2><p class=\"card-link entire-card left\"><a class=\"\" href=\"https:\/\/www.capvaxive.com\/es-us\/como-obtener-capvaxive\/\" role=\"button\" style=\"border-radius:4px\" title=\"Obtenga CAPVAXIVE\" target=\"_self\" rel=\"noopener\" data-design-category=\"link\" data-design-label=\"Obtenga CAPVAXIVE\" data-design-module=\"element\">Obtenga CAPVAXIVE<\/a><\/p><\/div><div class=\"\"><div class=\"card-icon-right\"><i role=\"link\" aria-label=\"\" aria-hidden=\"true\" class=\"icon-angle-single-right\"><\/i><\/div><\/div><\/div><\/div>\n<\/div>\n<\/div>\n\n\n\n<div style=\"background-color:transparent;height:56px\" class=\"wp-block-vivid360-spacer vivid360-spacer spacer-56\"><\/div>\n<\/div><\/div><\/div>\n","protected":false},"excerpt":{"rendered":"","protected":false},"author":389,"featured_media":0,"parent":0,"menu_order":0,"comment_status":"closed","ping_status":"closed","template":"","meta":{"_acf_changed":false,"_trash_the_other_posts":false,"editor_notices":[],"footnotes":""},"class_list":["post-516","page","type-page","status-publish"],"yoast_head":"<!-- This site is optimized with the Yoast SEO plugin v27.4 - https:\/\/yoast.com\/product\/yoast-seo-wordpress\/ -->\n<title>Costo de CAPVAXIVE\u00ae (Pneumococcal 21-valent Conjugate Vaccine)<\/title>\n<meta name=\"description\" content=\"Encuentre informaci\u00f3n sobre los posibles costos de CAPVAXIVE\u00ae (Pneumococcal 21-valent Conjugate Vaccine).\" \/>\n<meta name=\"robots\" content=\"index, follow, max-snippet:-1, max-image-preview:large, max-video-preview:-1\" \/>\n<link rel=\"canonical\" href=\"https:\/\/www.capvaxive.com\/es-us\/costo\/\" \/>\n<meta property=\"og:locale\" content=\"en_US\" \/>\n<meta property=\"og:type\" content=\"article\" \/>\n<meta property=\"og:title\" content=\"Costo de CAPVAXIVE\u00ae (Pneumococcal 21-valent Conjugate Vaccine)\" \/>\n<meta property=\"og:description\" content=\"Encuentre informaci\u00f3n sobre los posibles costos de CAPVAXIVE\u00ae (Pneumococcal 21-valent Conjugate Vaccine).\" \/>\n<meta property=\"og:url\" content=\"https:\/\/www.capvaxive.com\/es-us\/costo\/\" \/>\n<meta property=\"og:site_name\" content=\"capvaxive-es\" \/>\n<meta property=\"article:modified_time\" content=\"2025-12-18T08:55:14+00:00\" \/>\n<meta name=\"twitter:card\" content=\"summary_large_image\" \/>\n<meta name=\"twitter:label1\" content=\"Est. reading time\" \/>\n\t<meta name=\"twitter:data1\" content=\"1 minute\" \/>\n<!-- \/ Yoast SEO plugin. -->","yoast_head_json":{"title":"Costo de CAPVAXIVE\u00ae (Pneumococcal 21-valent Conjugate Vaccine)","description":"Encuentre informaci\u00f3n sobre los posibles costos de CAPVAXIVE\u00ae (Pneumococcal 21-valent Conjugate Vaccine).","robots":{"index":"index","follow":"follow","max-snippet":"max-snippet:-1","max-image-preview":"max-image-preview:large","max-video-preview":"max-video-preview:-1"},"canonical":"https:\/\/www.capvaxive.com\/es-us\/costo\/","og_locale":"en_US","og_type":"article","og_title":"Costo de CAPVAXIVE\u00ae (Pneumococcal 21-valent Conjugate Vaccine)","og_description":"Encuentre informaci\u00f3n sobre los posibles costos de CAPVAXIVE\u00ae (Pneumococcal 21-valent Conjugate Vaccine).","og_url":"https:\/\/www.capvaxive.com\/es-us\/costo\/","og_site_name":"capvaxive-es","article_modified_time":"2025-12-18T08:55:14+00:00","twitter_card":"summary_large_image","twitter_misc":{"Est. reading time":"1 minute"},"schema":{"@context":"https:\/\/schema.org","@graph":[{"@type":"WebPage","@id":"https:\/\/www.capvaxive.com\/es-us\/costo\/","url":"https:\/\/www.capvaxive.com\/es-us\/costo\/","name":"Costo de CAPVAXIVE\u00ae (Pneumococcal 21-valent Conjugate Vaccine)","isPartOf":{"@id":"https:\/\/www.capvaxive.com\/es-us\/#website"},"datePublished":"2024-12-16T10:53:01+00:00","dateModified":"2025-12-18T08:55:14+00:00","description":"Encuentre informaci\u00f3n sobre los posibles costos de CAPVAXIVE\u00ae (Pneumococcal 21-valent Conjugate Vaccine).","breadcrumb":{"@id":"https:\/\/www.capvaxive.com\/es-us\/costo\/#breadcrumb"},"inLanguage":"en-US","potentialAction":[{"@type":"ReadAction","target":["https:\/\/www.capvaxive.com\/es-us\/costo\/"]}]},{"@type":"BreadcrumbList","@id":"https:\/\/www.capvaxive.com\/es-us\/costo\/#breadcrumb","itemListElement":[{"@type":"ListItem","position":1,"name":"Home","item":"https:\/\/www.capvaxive.com\/es-us\/"},{"@type":"ListItem","position":2,"name":"Costo de CAPVAXIVE\u00ae (Pneumococcal 21-valent Conjugate Vaccine)"}]},{"@type":"WebSite","@id":"https:\/\/www.capvaxive.com\/es-us\/#website","url":"https:\/\/www.capvaxive.com\/es-us\/","name":"capvaxive-es","description":"","potentialAction":[{"@type":"SearchAction","target":{"@type":"EntryPoint","urlTemplate":"https:\/\/www.capvaxive.com\/es-us\/?s={search_term_string}"},"query-input":{"@type":"PropertyValueSpecification","valueRequired":true,"valueName":"search_term_string"}}],"inLanguage":"en-US"}]}},"acf":[],"_links":{"self":[{"href":"https:\/\/www.capvaxive.com\/es-us\/wp-json\/wp\/v2\/pages\/516","targetHints":{"allow":["GET"]}}],"collection":[{"href":"https:\/\/www.capvaxive.com\/es-us\/wp-json\/wp\/v2\/pages"}],"about":[{"href":"https:\/\/www.capvaxive.com\/es-us\/wp-json\/wp\/v2\/types\/page"}],"author":[{"embeddable":true,"href":"https:\/\/www.capvaxive.com\/es-us\/wp-json\/wp\/v2\/users\/389"}],"replies":[{"embeddable":true,"href":"https:\/\/www.capvaxive.com\/es-us\/wp-json\/wp\/v2\/comments?post=516"}],"version-history":[{"count":22,"href":"https:\/\/www.capvaxive.com\/es-us\/wp-json\/wp\/v2\/pages\/516\/revisions"}],"predecessor-version":[{"id":814,"href":"https:\/\/www.capvaxive.com\/es-us\/wp-json\/wp\/v2\/pages\/516\/revisions\/814"}],"wp:attachment":[{"href":"https:\/\/www.capvaxive.com\/es-us\/wp-json\/wp\/v2\/media?parent=516"}],"curies":[{"name":"wp","href":"https:\/\/api.w.org\/{rel}","templated":true}]}}